{"id":699,"date":"2025-07-02T21:56:48","date_gmt":"2025-07-02T19:56:48","guid":{"rendered":"https:\/\/aeif.fr\/?page_id=699"},"modified":"2026-04-02T21:25:46","modified_gmt":"2026-04-02T19:25:46","slug":"annales-2024","status":"publish","type":"page","link":"https:\/\/aeif.fr\/index.php\/annales-2024\/","title":{"rendered":"Annales 2024"},"content":{"rendered":"<h1>Ann\u00e9e 2024<\/h1>\n<div style=\"background-color: lightblue; border: 2px solid darkblue; padding: 20px; color: black; display: inline-block;\">L\u2019AEIF peut b\u00e9n\u00e9ficier du droit de copie et de projection.<br \/>\nAucun probl\u00e8me pour photocopier et projeter des documents AEIF dans vos classes. Si votre \u00e9tablissement fait partie du panel de d\u00e9claration des droits de copie et de projection, n&rsquo;oubliez pas de d\u00e9clarer vos photocopies et projections : <a href=\"https:\/\/www.cfcopies.com\/secteurs\/pedagogiques\" target=\"_blank\" rel=\"noopener\">Centre Fran\u00e7ais d&rsquo;exploitation du droit de Copie (CFC)<\/a><br \/>\nC\u2019est important, car cela repr\u00e9sente une source de revenus pour l\u2019AEIF.<br \/>\nLes formulaires n\u00e9cessaires sont \u00e0 t\u00e9l\u00e9charger en bas de page.<\/div>\n<p>&nbsp;<\/p>\n<h2>Am\u00e9rique du Nord<\/h2>\n<p><a href=\"https:\/\/aeif.fr\/wp-content\/uploads\/2025\/07\/Amerique_Nord_2024_1.pdf\" class=\"mtli_attachment mtli_pdf\" target=\"_blank\" rel=\"attachment noopener wp-att-722\">Am\u00e9rique du Nord 2024 &#8211; sujet 1<\/a>\u00a0\u00a0\u00a0\u00a0\u00a0<a href=\"https:\/\/aeif.fr\/wp-content\/uploads\/2025\/07\/corr_amerique_nord_2024_1.pdf\" class=\"mtli_attachment mtli_pdf\" target=\"_blank\" rel=\"noopener\">Correction Am\u00e9rique du Nord 2024 &#8211; sujet 1<\/a><\/p>\n<p><a href=\"https:\/\/aeif.fr\/wp-content\/uploads\/2025\/07\/Amerique_Nord_2024_2.pdf\" class=\"mtli_attachment mtli_pdf\" target=\"_blank\" rel=\"attachment noopener wp-att-721\">Am\u00e9rique du Nord 2024 &#8211; sujet 2<\/a>\u00a0\u00a0\u00a0\u00a0\u00a0<a href=\"https:\/\/aeif.fr\/wp-content\/uploads\/2025\/07\/corr_amerique_nord_2024_2.pdf\" class=\"mtli_attachment mtli_pdf\" target=\"_blank\" rel=\"noopener\">Correction Am\u00e9rique du Nord 2024 &#8211; sujet 2<\/a><\/p>\n<p><a href=\"https:\/\/aeif.fr\/wp-content\/uploads\/2025\/07\/Amerique_nord_2024.zip\" target=\"_blank\" rel=\"noopener\">Am\u00e9rique du Nord 2024 &#8211; sources LaTeX des deux sujets<\/a><\/p>\n<p><a href=\"https:\/\/aeif.fr\/wp-content\/uploads\/2025\/07\/corr_Amerique_nord_2024.zip\" target=\"_blank\" rel=\"noopener\">Sources LaTeX de la correction des deux sujets de Am\u00e9rique du Nord 2024<\/a><\/p>\n<p>&nbsp;<\/p>\n<h2>Am\u00e9rique du Sud<\/h2>\n<p><a href=\"https:\/\/aeif.fr\/wp-content\/uploads\/2025\/07\/Amerique_Sud_2024_sept_1.pdf\" class=\"mtli_attachment mtli_pdf\" target=\"_blank\" rel=\"noopener\">Am\u00e9rique du Sud septembre 2024 &#8211; sujet 1<\/a> \u00a0\u00a0\u00a0 <a href=\"https:\/\/aeif.fr\/wp-content\/uploads\/2025\/09\/Amerique_Sud_septembre_2024_sujet_1_corrige_v2.pdf\" class=\"mtli_attachment mtli_pdf\" target=\"_blank\" rel=\"noopener\">Correction Am\u00e9rique du Sud 2024 &#8211; sujet 1<\/a><\/p>\n<p><a href=\"https:\/\/aeif.fr\/wp-content\/uploads\/2025\/07\/Amerique_Sud_2024_sept_2.pdf\" class=\"mtli_attachment mtli_pdf\" target=\"_blank\" rel=\"noopener\">Am\u00e9rique du Sud septembre 2024 &#8211; sujet 2<\/a>\u00a0\u00a0\u00a0\u00a0\u00a0<a href=\"https:\/\/aeif.fr\/wp-content\/uploads\/2025\/07\/corr_amerique_sud_2024_2.pdf\" class=\"mtli_attachment mtli_pdf\" target=\"_blank\" rel=\"noopener\">Correction Am\u00e9rique du Sud 2024 &#8211; sujet 2\u00a0\u00a0<\/a><\/p>\n<p><a href=\"https:\/\/aeif.fr\/wp-content\/uploads\/2025\/07\/Amerique_sud_2024.zip\" target=\"_blank\" rel=\"noopener\">Am\u00e9rique du Sud septembre 2024 &#8211; sources LaTeX des deux sujets<\/a><\/p>\n<p><a href=\"https:\/\/aeif.fr\/wp-content\/uploads\/2025\/09\/corr_Amerique_sud_2024_v2.zip\" target=\"_blank\" rel=\"noopener\">Sources LateX de la correction des deux sujets de Am\u00e9rique du Sud septembre 2024<\/a><\/p>\n<p>&nbsp;<\/p>\n<h2>Asie<\/h2>\n<p><a href=\"https:\/\/aeif.fr\/wp-content\/uploads\/2025\/07\/Asie_juin_2024_1.pdf\" class=\"mtli_attachment mtli_pdf\" target=\"_blank\" rel=\"noopener\">Asie juin 2024 &#8211; sujet 1<\/a>\u00a0\u00a0\u00a0\u00a0\u00a0<a href=\"https:\/\/aeif.fr\/wp-content\/uploads\/2025\/07\/corr_Asie_2024_1.pdf\" class=\"mtli_attachment mtli_pdf\" target=\"_blank\" rel=\"noopener\">Correction Asie 2024 &#8211; sujet 1<\/a><\/p>\n<p><a href=\"https:\/\/aeif.fr\/wp-content\/uploads\/2025\/07\/Asie_Juin_2024_2.pdf\" class=\"mtli_attachment mtli_pdf\" target=\"_blank\" rel=\"noopener\">Asie juin 2024 &#8211; sujet 2<\/a>\u00a0\u00a0\u00a0\u00a0\u00a0<a href=\"https:\/\/aeif.fr\/wp-content\/uploads\/2025\/07\/corr_Asie_2024_2.pdf\" class=\"mtli_attachment mtli_pdf\" target=\"_blank\" rel=\"noopener\">Correction Asie 2024 &#8211; sujet 2<\/a><\/p>\n<p><a href=\"https:\/\/aeif.fr\/wp-content\/uploads\/2025\/07\/Asie_2024.zip\" target=\"_blank\" rel=\"noopener\">Asie 2024 &#8211; sources LaTex des deux sujets<\/a><\/p>\n<p><a href=\"https:\/\/aeif.fr\/wp-content\/uploads\/2025\/07\/corr_Asie_2024.zip\" target=\"_blank\" rel=\"noopener\">Asie 2024 &#8211; sources LaTeX des deux corrections<\/a><\/p>\n<p>&nbsp;<\/p>\n<h2>Centres \u00e9trangers<\/h2>\n<p><a href=\"https:\/\/aeif.fr\/wp-content\/uploads\/2026\/04\/Centres_Etrangers_juin_2024_sujet_1_v2.pdf\" class=\"mtli_attachment mtli_pdf\" target=\"_blank\" rel=\"noopener\">Centres \u00e9trangers 2024 &#8211; sujet 1<\/a>\u00a0 \u00a0 <a href=\"https:\/\/aeif.fr\/wp-content\/uploads\/2026\/04\/Centres_Etrangers_juin_2024_sujet_1_corr_v2.pdf\" class=\"mtli_attachment mtli_pdf\" target=\"_blank\" rel=\"noopener\">Correction Centres \u00e9trangers 2024 sujet 1<\/a><\/p>\n<p><a href=\"https:\/\/aeif.fr\/wp-content\/uploads\/2025\/07\/Centres_etrangers_juin_2024_2.pdf\" class=\"mtli_attachment mtli_pdf\" target=\"_blank\" rel=\"noopener\">Centres \u00e9trangers juin 2024 &#8211; sujet 2<\/a>\u00a0\u00a0\u00a0\u00a0\u00a0<a href=\"https:\/\/aeif.fr\/wp-content\/uploads\/2025\/07\/corr_centre_etrangers_2024_2.pdf\" class=\"mtli_attachment mtli_pdf\" target=\"_blank\" rel=\"noopener\">Correction Centres \u00e9trangers 2024 &#8211; sujet 2<\/a><\/p>\n<p><a href=\"https:\/\/aeif.fr\/wp-content\/uploads\/2026\/04\/Centres_Etrangers_2024_v2.zip\" target=\"_blank\" rel=\"noopener\">Centres \u00e9trangers 2024 &#8211; sources LaTeX des deux sujets<\/a><\/p>\n<p><a href=\"https:\/\/aeif.fr\/wp-content\/uploads\/2026\/04\/corr_Centres_Etrangers_2024_v3-1.zip\" target=\"_blank\" rel=\"noopener\">Centres \u00e9trangers 2024 &#8211; sources LaTeX des corrig\u00e9s des deux sujets<\/a><\/p>\n<p>&nbsp;<\/p>\n<p>&nbsp;<\/p>\n<h2>M\u00e9tropole<\/h2>\n<p><a href=\"https:\/\/aeif.fr\/wp-content\/uploads\/2025\/07\/Metropole_juin_2024_1.pdf\" class=\"mtli_attachment mtli_pdf\" target=\"_blank\" rel=\"noopener\">M\u00e9tropole juin 2024 &#8211; sujet 1<\/a>\u00a0\u00a0\u00a0\u00a0\u00a0<a href=\"https:\/\/aeif.fr\/wp-content\/uploads\/2025\/07\/corr_metropole_juin_2024_1.pdf\" class=\"mtli_attachment mtli_pdf\" target=\"_blank\" rel=\"noopener\">Correction M\u00e9tropole juin 2024 &#8211; sujet 1<\/a><\/p>\n<p><a href=\"https:\/\/aeif.fr\/wp-content\/uploads\/2025\/07\/Metropole_juin_2024_2.pdf\" class=\"mtli_attachment mtli_pdf\" target=\"_blank\" rel=\"noopener\">M\u00e9tropole juin 2024 &#8211; sujet 2<\/a>\u00a0\u00a0\u00a0\u00a0\u00a0<a href=\"https:\/\/aeif.fr\/wp-content\/uploads\/2025\/07\/corr_metropole_juin_2024_2.pdf\" class=\"mtli_attachment mtli_pdf\" target=\"_blank\" rel=\"noopener\">Correction M\u00e9tropole juin 2024 &#8211; sujet 2<\/a><\/p>\n<p><a href=\"https:\/\/aeif.fr\/wp-content\/uploads\/2025\/07\/Metropole_sept_2024_1.pdf\" class=\"mtli_attachment mtli_pdf\" target=\"_blank\" rel=\"noopener\">M\u00e9tropole septembre 2024 &#8211; sujet 1<\/a>\u00a0\u00a0\u00a0\u00a0\u00a0<a href=\"https:\/\/aeif.fr\/wp-content\/uploads\/2025\/07\/corr_metropole_sept_2024_1.pdf\" class=\"mtli_attachment mtli_pdf\" target=\"_blank\" rel=\"noopener\">Correction M\u00e9tropole septembre 2024 &#8211; sujet 1<\/a><\/p>\n<p><a href=\"https:\/\/aeif.fr\/wp-content\/uploads\/2025\/07\/Matropole_sept_2024_2.pdf\" class=\"mtli_attachment mtli_pdf\" target=\"_blank\" rel=\"noopener\">M\u00e9tropole septembre 2024 &#8211; sujet 2<\/a>\u00a0\u00a0\u00a0\u00a0\u00a0<a href=\"https:\/\/aeif.fr\/wp-content\/uploads\/2025\/07\/corr_metropole_sept_2024_2.pdf\" class=\"mtli_attachment mtli_pdf\" target=\"_blank\" rel=\"noopener\">Correction M\u00e9tropole septembre 2024 &#8211; sujet 2<\/a><\/p>\n<p><a href=\"https:\/\/aeif.fr\/wp-content\/uploads\/2025\/07\/Metropole_2024.zip\" target=\"_blank\" rel=\"noopener\">M\u00e9tropole 2024 &#8211; sources LaTeX des quatre sujets<\/a><\/p>\n<p><a href=\"https:\/\/aeif.fr\/wp-content\/uploads\/2025\/07\/corr_Metropole_2024.zip\" target=\"_blank\" rel=\"noopener\">M\u00e9tropole 2024 &#8211; Source LaTeX de la correction des quatre sujets<\/a><\/p>\n<p>&nbsp;<\/p>\n<h2>Polyn\u00e9sie<\/h2>\n<p><a href=\"https:\/\/aeif.fr\/wp-content\/uploads\/2025\/07\/Polynesie_juin_2024_1.pdf\" class=\"mtli_attachment mtli_pdf\" target=\"_blank\" rel=\"noopener\">Polyn\u00e9sie juin 2024 &#8211; sujet 1<\/a>\u00a0\u00a0\u00a0\u00a0\u00a0<a href=\"https:\/\/aeif.fr\/wp-content\/uploads\/2025\/07\/corr_polynesie_2024_1.pdf\" class=\"mtli_attachment mtli_pdf\" target=\"_blank\" rel=\"noopener\">Correction Polyn\u00e9sie 2024 &#8211; sujet 1<\/a><\/p>\n<p><a href=\"https:\/\/aeif.fr\/wp-content\/uploads\/2025\/07\/Polynesie_juin_2024_2.pdf\" class=\"mtli_attachment mtli_pdf\" target=\"_blank\" rel=\"noopener\">Polyn\u00e9sie juin 2024 &#8211; sujet 2<\/a>\u00a0\u00a0\u00a0\u00a0\u00a0<a href=\"https:\/\/aeif.fr\/wp-content\/uploads\/2025\/07\/24nsij2po1.pdf\" class=\"mtli_attachment mtli_pdf\" target=\"_blank\" rel=\"noopener\">Correction de 24nsij2po1<\/a>\u00a0\u00a0\u00a0\u00a0\u00a0<a href=\"https:\/\/aeif.fr\/wp-content\/uploads\/2025\/07\/24nsij2po1.tex\" target=\"_blank\" rel=\"noopener\">Source LaTeX de la correction de 24nsij2po1<\/a>\u00a0\u00a0\u00a0\u00a0\u00a0<a href=\"https:\/\/aeif.fr\/wp-content\/uploads\/2025\/07\/corr_polynesie_2024_2.pdf\" class=\"mtli_attachment mtli_pdf\" target=\"_blank\" rel=\"noopener\">Correction Polyn\u00e9sie 2024 &#8211; sujet 2<\/a><\/p>\n<p><a href=\"https:\/\/aeif.fr\/wp-content\/uploads\/2025\/07\/Polynesie_2024.zip\" target=\"_blank\" rel=\"noopener\">Polyn\u00e9sie 2024 &#8211; sources LaTeX des deux sujets<\/a><\/p>\n<p><a href=\"https:\/\/aeif.fr\/wp-content\/uploads\/2025\/07\/cor_Polynesie_2024.zip\" target=\"_blank\" rel=\"noopener\">Polyn\u00e9sie 2024 &#8211; Source LaTeX de la correction des deux sujets<\/a><\/p>\n<p>&nbsp;<\/p>\n<h2>Sujets 0<\/h2>\n<p><a href=\"https:\/\/aeif.fr\/wp-content\/uploads\/2025\/07\/Sujet_zero_2024_1.pdf\" class=\"mtli_attachment mtli_pdf\" target=\"_blank\" rel=\"noopener\">Sujet z\u00e9ro 2024 &#8211; sujet 1<\/a>\u00a0\u00a0\u00a0\u00a0\u00a0<a href=\"https:\/\/aeif.fr\/wp-content\/uploads\/2025\/07\/corr_sujet_zero_2024_1.pdf\" class=\"mtli_attachment mtli_pdf\" target=\"_blank\" rel=\"noopener\">Correction sujet z\u00e9ro 2024 &#8211; sujet 1<\/a><\/p>\n<p><a href=\"https:\/\/aeif.fr\/wp-content\/uploads\/2025\/07\/Sujet_zero_2024_2.pdf\" class=\"mtli_attachment mtli_pdf\" target=\"_blank\" rel=\"noopener\">Sujet z\u00e9ro 2024 &#8211; sujet 2<\/a>\u00a0\u00a0\u00a0\u00a0\u00a0<a href=\"https:\/\/aeif.fr\/wp-content\/uploads\/2025\/07\/corr_sujet_zero_2024_2.pdf\" class=\"mtli_attachment mtli_pdf\" target=\"_blank\" rel=\"noopener\">Correction sujet z\u00e9ro 2024 &#8211; sujet 2<\/a><\/p>\n<p><a href=\"https:\/\/aeif.fr\/wp-content\/uploads\/2025\/07\/Sujets_0_2024.zip\" target=\"_blank\" rel=\"noopener\">Sujets z\u00e9ro 2024 &#8211; sources LaTeX des deux sujets<\/a><\/p>\n<p><a href=\"https:\/\/aeif.fr\/wp-content\/uploads\/2025\/07\/corr_Sujets0_2024.zip\" target=\"_blank\" rel=\"noopener\">Sujets z\u00e9ro 2024 &#8211; sources LaTeX de la correction deux sujets<\/a><\/p>\n<p><strong><em>Cr\u00e9dits pour les sujets : Pascal REMY<\/em><\/strong><\/p>\n<p><strong><em>Cr\u00e9dits pour les corrections :\u00a0 Ronan CHARPENTIER<\/em><\/strong><\/p>\n<p>Tous les documents mis en t\u00e9l\u00e9chargement sur cette page sont sous licence <a href=\"https:\/\/creativecommons.org\/licenses\/by-sa\/4.0\/\">CC BY-SA 4.0<\/a><img decoding=\"async\" style=\"max-width: 1em; max-height: 1em; margin-left: .2em;\" src=\"https:\/\/mirrors.creativecommons.org\/presskit\/icons\/cc.svg\" alt=\"\" \/><img decoding=\"async\" style=\"max-width: 1em; max-height: 1em; margin-left: .2em;\" src=\"https:\/\/mirrors.creativecommons.org\/presskit\/icons\/by.svg\" alt=\"\" \/><img decoding=\"async\" style=\"max-width: 1em; max-height: 1em; margin-left: .2em;\" src=\"https:\/\/mirrors.creativecommons.org\/presskit\/icons\/sa.svg\" alt=\"\" \/><\/p>\n<p>&nbsp;<\/p>\n<div style=\"background-color: lightblue; border: 2px solid darkblue; padding: 20px; color: black; display: inline-block;\">\n<p>&nbsp;<\/p>\n<h4>Documents en t\u00e9l\u00e9chargements pour la d\u00e9claration des photocopies et projections<\/h4>\n<p>Le nom d&rsquo;auteur \u00e0 renseigner est : \u00ab\u00a0AEIF\u00a0\u00bb<\/p>\n<p><a href=\"https:\/\/aeif.fr\/wp-content\/uploads\/2025\/07\/Enseignants-comment-rediffuser-extraits-oeuvres.pdf\" class=\"mtli_attachment mtli_pdf\" target=\"_blank\" rel=\"noopener\">Comment rediffuser des extraits de textes ou des images<\/a><\/p>\n<h5>Dans le secondaire<\/h5>\n<p><a href=\"https:\/\/aeif.fr\/wp-content\/uploads\/2025\/07\/Notice-decla-enseignants-secondaire.pdf\" class=\"mtli_attachment mtli_pdf\" target=\"_blank\" rel=\"noopener\">Notice pour les enseignants du secondaire<\/a><br \/>\n<a href=\"https:\/\/aeif.fr\/wp-content\/uploads\/2025\/07\/Tableau-declaration-secondaire.pdf\" class=\"mtli_attachment mtli_pdf\" target=\"_blank\" rel=\"noopener\">Tableau pour la d\u00e9claration dans le secondaire<\/a><br \/>\n<a href=\"https:\/\/aeif.fr\/wp-content\/uploads\/2025\/07\/Tableau-declaration-secondaire.xls\" target=\"_blank\" rel=\"noopener\">Tableau pour la d\u00e9claration dans le secondaire (xls)<\/a><\/p>\n<h5>\u00c0 l&rsquo;universit\u00e9<\/h5>\n<p><a href=\"https:\/\/aeif.fr\/wp-content\/uploads\/2025\/07\/Plaquette-decla-sup-univ.pdf\" class=\"mtli_attachment mtli_pdf\" target=\"_blank\" rel=\"noopener\">Plaquette pour le sup\u00e9rieur \u00e0 l&rsquo;universit\u00e9<\/a><br \/>\n<a href=\"https:\/\/aeif.fr\/wp-content\/uploads\/2025\/07\/Tableau-declaration-sup-univ.pdf\" class=\"mtli_attachment mtli_pdf\" target=\"_blank\" rel=\"noopener\">Tableau pour la d\u00e9claration dans le sup\u00e9rieur \u00e0 l&rsquo;universit\u00e9<\/a><br \/>\n<a href=\"https:\/\/aeif.fr\/wp-content\/uploads\/2025\/07\/Tableau-declaration-sup-univ.xls\" target=\"_blank\" rel=\"noopener\">Tableau pour la d\u00e9claration dans le sup\u00e9rieur \u00e0 l&rsquo;universit\u00e9 (xls)<\/a><\/p>\n<h5>Dans le sup\u00e9rieur hors universit\u00e9<\/h5>\n<p><a href=\"https:\/\/aeif.fr\/wp-content\/uploads\/2025\/07\/Plaquette-decla-sup-hors-univ.pdf\" class=\"mtli_attachment mtli_pdf\" target=\"_blank\" rel=\"noopener\">Plaquette pour le sup\u00e9rieur hors universit\u00e9<\/a><br \/>\n<a href=\"https:\/\/aeif.fr\/wp-content\/uploads\/2025\/07\/Tableau-declaration-sup-hors-univ.pdf\" class=\"mtli_attachment mtli_pdf\" target=\"_blank\" rel=\"noopener\">Tableau pour la d\u00e9claration dans le sup\u00e9rieur hors universit\u00e9<\/a><br \/>\n<a href=\"https:\/\/aeif.fr\/wp-content\/uploads\/2025\/07\/Tableau-declaration-sup-hors-univ.xls\" target=\"_blank\" rel=\"noopener\">Tableau pour la d\u00e9claration dans le sup\u00e9rieur hors universit\u00e9 (xls)<\/a><\/p>\n<h5>Pour les formateurs<\/h5>\n<p><a href=\"https:\/\/aeif.fr\/wp-content\/uploads\/2025\/07\/Notice-declaration-formateurs.pdf\" class=\"mtli_attachment mtli_pdf\" target=\"_blank\" rel=\"noopener\">Plaquette pour les formateurs<\/a><br \/>\n<a href=\"https:\/\/aeif.fr\/wp-content\/uploads\/2025\/07\/Tableau-declaration-formation.pdf\" class=\"mtli_attachment mtli_pdf\" target=\"_blank\" rel=\"noopener\">Tableau pour la d\u00e9claration pour les formateurs<\/a><br \/>\n<a href=\"https:\/\/aeif.fr\/wp-content\/uploads\/2025\/07\/Tableau-declaration-formation.xls\" target=\"_blank\" rel=\"noopener\">Tableau pour la d\u00e9claration pour les formateurs (xls)<\/a><\/p>\n<p>&nbsp;<\/p>\n<p>&nbsp;<\/p>\n<\/div>\n<p>&nbsp;<\/p>\n","protected":false},"excerpt":{"rendered":"<p>Ann\u00e9e 2024 L\u2019AEIF peut b\u00e9n\u00e9ficier du droit de copie et de projection. Aucun probl\u00e8me pour photocopier et projeter des documents AEIF dans vos classes. Si votre \u00e9tablissement fait partie du panel de d\u00e9claration des droits de copie et de projection,&#8230;<\/p>\n","protected":false},"author":5,"featured_media":440,"parent":0,"menu_order":0,"comment_status":"closed","ping_status":"closed","template":"","meta":{"footnotes":""},"class_list":["post-699","page","type-page","status-publish","has-post-thumbnail","hentry"],"_links":{"self":[{"href":"https:\/\/aeif.fr\/index.php\/wp-json\/wp\/v2\/pages\/699","targetHints":{"allow":["GET"]}}],"collection":[{"href":"https:\/\/aeif.fr\/index.php\/wp-json\/wp\/v2\/pages"}],"about":[{"href":"https:\/\/aeif.fr\/index.php\/wp-json\/wp\/v2\/types\/page"}],"author":[{"embeddable":true,"href":"https:\/\/aeif.fr\/index.php\/wp-json\/wp\/v2\/users\/5"}],"replies":[{"embeddable":true,"href":"https:\/\/aeif.fr\/index.php\/wp-json\/wp\/v2\/comments?post=699"}],"version-history":[{"count":35,"href":"https:\/\/aeif.fr\/index.php\/wp-json\/wp\/v2\/pages\/699\/revisions"}],"predecessor-version":[{"id":1219,"href":"https:\/\/aeif.fr\/index.php\/wp-json\/wp\/v2\/pages\/699\/revisions\/1219"}],"wp:featuredmedia":[{"embeddable":true,"href":"https:\/\/aeif.fr\/index.php\/wp-json\/wp\/v2\/media\/440"}],"wp:attachment":[{"href":"https:\/\/aeif.fr\/index.php\/wp-json\/wp\/v2\/media?parent=699"}],"curies":[{"name":"wp","href":"https:\/\/api.w.org\/{rel}","templated":true}]}}