{"id":638,"date":"2025-07-02T16:13:40","date_gmt":"2025-07-02T14:13:40","guid":{"rendered":"https:\/\/aeif.fr\/?page_id=638"},"modified":"2026-03-10T19:41:11","modified_gmt":"2026-03-10T18:41:11","slug":"annee-2025","status":"publish","type":"page","link":"https:\/\/aeif.fr\/index.php\/annee-2025\/","title":{"rendered":"Ann\u00e9e 2025"},"content":{"rendered":"<h1>Annales 2025<\/h1>\n<div style=\"background-color: lightblue; border: 2px solid darkblue; padding: 20px; color: black; display: inline-block;\">L\u2019AEIF peut b\u00e9n\u00e9ficier du droit de copie et de projection.<br \/>\nAucun probl\u00e8me pour photocopier et projeter des documents AEIF dans vos classes. Si votre \u00e9tablissement fait partie du panel de d\u00e9claration des droits de copie et de projection, n&rsquo;oubliez pas de d\u00e9clarer vos photocopies et projections : <a href=\"https:\/\/www.cfcopies.com\/secteurs\/pedagogiques\" target=\"_blank\" rel=\"noopener\">Centre Fran\u00e7ais d&rsquo;exploitation du droit de Copie (CFC)<\/a><br \/>\nC\u2019est important, car cela repr\u00e9sente une source de revenus pour l\u2019AEIF.<br \/>\nLes formulaires n\u00e9cessaires sont \u00e0 t\u00e9l\u00e9charger en bas de page.<\/div>\n<p>&nbsp;<\/p>\n<h2>Am\u00e9rique du Nord<\/h2>\n<p><a href=\"https:\/\/aeif.fr\/wp-content\/uploads\/2025\/07\/Amerique_Nord_2025_1.pdf\" class=\"mtli_attachment mtli_pdf\" target=\"_blank\" rel=\"noopener\">Am\u00e9rique du Nord 2025 &#8211; sujet 1<\/a> \u00a0\u00a0\u00a0\u00a0 <a href=\"https:\/\/aeif.fr\/wp-content\/uploads\/2025\/07\/25NSIJ1AN1.pdf\" class=\"mtli_attachment mtli_pdf\" target=\"_blank\" rel=\"noopener\">Correction 25NSIJ1AN1<\/a>\u00a0\u00a0\u00a0\u00a0 <a href=\"https:\/\/aeif.fr\/wp-content\/uploads\/2025\/07\/25NSIJ1AN1.tex\" target=\"_blank\" rel=\"noopener\">Source LaTeX de la correction de 25NSIJ1AN1<\/a><\/p>\n<p><a href=\"https:\/\/aeif.fr\/wp-content\/uploads\/2025\/07\/Amerique_Nord_2025_2.pdf\" class=\"mtli_attachment mtli_pdf\" target=\"_blank\" rel=\"noopener\">Am\u00e9rique du Nord 2025 &#8211; sujet 2<\/a>\u00a0\u00a0\u00a0\u00a0 <a href=\"https:\/\/aeif.fr\/wp-content\/uploads\/2025\/07\/25NSIJ2AN1.pdf\" class=\"mtli_attachment mtli_pdf\" target=\"_blank\" rel=\"noopener\">Correction 25NSIJ2AN1<\/a>\u00a0\u00a0\u00a0\u00a0\u00a0<a href=\"https:\/\/aeif.fr\/wp-content\/uploads\/2025\/07\/25NSIJ2AN1.tex\" target=\"_blank\" rel=\"noopener\">Source LaTeX de la correction de 25NSIJ2AN1<\/a><\/p>\n<p><a href=\"https:\/\/aeif.fr\/wp-content\/uploads\/2025\/07\/Amerique_Nord_2025_3.pdf\" class=\"mtli_attachment mtli_pdf\" target=\"_blank\" rel=\"noopener\">Am\u00e9rique du Nord 2025 &#8211; sujet 3<\/a>\u00a0\u00a0\u00a0\u00a0\u00a0<a href=\"https:\/\/aeif.fr\/wp-content\/uploads\/2025\/07\/25NSIPE2.pdf\" class=\"mtli_attachment mtli_pdf\" target=\"_blank\" rel=\"noopener\">Correction 25NSIPE2<\/a>\u00a0\u00a0\u00a0\u00a0\u00a0\u00a0 \u00a0\u00a0<a href=\"https:\/\/aeif.fr\/wp-content\/uploads\/2025\/07\/25NSIPE2.tex\" target=\"_blank\" rel=\"noopener\">Source LaTeX de la correction de 25NSIPE2<\/a><\/p>\n<p><a href=\"https:\/\/aeif.fr\/wp-content\/uploads\/2025\/07\/Amerique-du-nord.zip\">Am\u00e9rique du Nord 2025 &#8211; sources LaTeX des trois sujets<\/a><\/p>\n<p>&nbsp;<\/p>\n<h2>Asie<\/h2>\n<p><a href=\"https:\/\/aeif.fr\/wp-content\/uploads\/2025\/07\/Asie_2025_1.pdf\" class=\"mtli_attachment mtli_pdf\" target=\"_blank\" rel=\"noopener\">Asie 2025 &#8211; sujet 1<\/a>\u00a0\u00a0\u00a0\u00a0 <a href=\"https:\/\/aeif.fr\/wp-content\/uploads\/2025\/07\/25NSIJ1JA1.pdf\" class=\"mtli_attachment mtli_pdf\" target=\"_blank\" rel=\"noopener\">Correction 25NSIJ1JA1<\/a>\u00a0\u00a0\u00a0\u00a0\u00a0<a href=\"https:\/\/aeif.fr\/wp-content\/uploads\/2025\/07\/25NSIJ1JA1.tex\" target=\"_blank\" rel=\"noopener\">Source LaTeX de la correction de 25NSIJ1JA1<\/a><\/p>\n<p><a href=\"https:\/\/aeif.fr\/wp-content\/uploads\/2025\/07\/Asie_2025_2.pdf\" class=\"mtli_attachment mtli_pdf\" target=\"_blank\" rel=\"noopener\">Asie 2025 &#8211; sujet 2<\/a>\u00a0\u00a0\u00a0\u00a0\u00a0<a href=\"https:\/\/aeif.fr\/wp-content\/uploads\/2025\/07\/25NSIJ2JA1.pdf\" class=\"mtli_attachment mtli_pdf\" target=\"_blank\" rel=\"noopener\">Correction 25NSIJ2JA1<\/a>\u00a0\u00a0\u00a0\u00a0\u00a0<a href=\"https:\/\/aeif.fr\/wp-content\/uploads\/2025\/07\/25NSIJ2JA1.tex\" target=\"_blank\" rel=\"noopener\">Source LaTeX de la correction de 25NSIJ2JA1<\/a><\/p>\n<p><a href=\"https:\/\/aeif.fr\/wp-content\/uploads\/2025\/07\/Asie.zip\" target=\"_blank\" rel=\"noopener\">Asie 2025 &#8211; sources LaTeX des deux sujets<\/a><\/p>\n<p><a href=\"https:\/\/aeif.fr\/wp-content\/uploads\/2025\/12\/25-nsipe4.pdf\" class=\"mtli_attachment mtli_pdf\" target=\"_blank\" rel=\"noopener\">Asie &#8211; Septembre 2025 &#8211; sujet (R. Charpentier)<\/a>\u00a0\u00a0\u00a0\u00a0\u00a0<a href=\"https:\/\/aeif.fr\/wp-content\/uploads\/2025\/12\/25-nsipe4.tex\" target=\"_blank\" rel=\"noopener\">Source LaTeX du sujet 25NSIPE4 (R. Charpentier)<\/a><\/p>\n<p><a href=\"https:\/\/aeif.fr\/wp-content\/uploads\/2025\/12\/Asie_septembre_2025.pdf\" class=\"mtli_attachment mtli_pdf\" target=\"_blank\" rel=\"noopener\">Asie &#8211; septembre 2025 &#8211; sujet (P. Remy)<\/a>\u00a0 \u00a0 <a href=\"https:\/\/aeif.fr\/wp-content\/uploads\/2025\/12\/Asie_sept_2025.zip\" target=\"_blank\" rel=\"noopener\">Sources LaTeX du sujet Asie &#8211; septembre 2025 (P. R\u00e9my)<\/a><\/p>\n<p><a href=\"https:\/\/aeif.fr\/wp-content\/uploads\/2026\/03\/25nsipe4-1.pdf\" class=\"mtli_attachment mtli_pdf\" target=\"_blank\" rel=\"noopener\">Asie &#8211; Septembre 2025 &#8211; correction<\/a>\u00a0\u00a0\u00a0\u00a0\u00a0<a href=\"https:\/\/aeif.fr\/wp-content\/uploads\/2026\/03\/25nsipe41.tex\" target=\"_blank\" rel=\"noopener\">Source LaTeX de la correction de 25NSIPE4<\/a><\/p>\n<h2>Centres \u00e9trangers<\/h2>\n<p><a href=\"https:\/\/aeif.fr\/wp-content\/uploads\/2025\/07\/Centres_etrangers_2025_1.pdf\" class=\"mtli_attachment mtli_pdf\" target=\"_blank\" rel=\"noopener\">Centres \u00e9trangers 2025 &#8211; sujet 1<\/a>\u00a0\u00a0\u00a0\u00a0 <a href=\"https:\/\/aeif.fr\/wp-content\/uploads\/2025\/07\/25NSIJ1G11.pdf\" class=\"mtli_attachment mtli_pdf\" target=\"_blank\" rel=\"noopener\">Correction de 25NSIJ1G11<\/a>\u00a0\u00a0\u00a0\u00a0\u00a0<a href=\"https:\/\/aeif.fr\/wp-content\/uploads\/2025\/07\/25NSIJ1G11.tex\" target=\"_blank\" rel=\"noopener\">Source LaTeX de la correction de 25NSIJ1G11<\/a><\/p>\n<p><a href=\"https:\/\/aeif.fr\/wp-content\/uploads\/2025\/07\/Centres_etrangers_2025_2.pdf\" class=\"mtli_attachment mtli_pdf\" target=\"_blank\" rel=\"noopener\">Centres \u00e9trangers 2025 &#8211; sujet 2<\/a>\u00a0\u00a0\u00a0\u00a0\u00a0<a href=\"https:\/\/aeif.fr\/wp-content\/uploads\/2025\/07\/25NSIJ2G11.pdf\" class=\"mtli_attachment mtli_pdf\" target=\"_blank\" rel=\"noopener\">Correction de 25NSIJ2G11<\/a>\u00a0\u00a0\u00a0\u00a0\u00a0<a href=\"https:\/\/aeif.fr\/wp-content\/uploads\/2025\/07\/25NSIJ2G11.tex\" target=\"_blank\" rel=\"noopener\">Source LaTeX de la correction de 25NSIJ2G11<\/a><\/p>\n<p><a href=\"https:\/\/aeif.fr\/wp-content\/uploads\/2025\/07\/Centres-etrangers.zip\" target=\"_blank\" rel=\"noopener\">Centres \u00e9trangers 2025 &#8211; sources LaTeX des deux sujets<\/a><\/p>\n<p>&nbsp;<\/p>\n<h2>M\u00e9tropole<\/h2>\n<p><a href=\"https:\/\/aeif.fr\/wp-content\/uploads\/2025\/07\/Metropole_2025_1.pdf\" class=\"mtli_attachment mtli_pdf\" target=\"_blank\" rel=\"attachment noopener wp-att-665\">M\u00e9tropole 2025 &#8211; sujet 1<\/a>\u00a0\u00a0\u00a0\u00a0 <a href=\"https:\/\/aeif.fr\/wp-content\/uploads\/2025\/07\/25NSIJ1ME1.pdf\" class=\"mtli_attachment mtli_pdf\" target=\"_blank\" rel=\"noopener\">Correction de 25NSIJ1ME1<\/a>\u00a0\u00a0\u00a0\u00a0\u00a0<a href=\"https:\/\/aeif.fr\/wp-content\/uploads\/2025\/07\/25NSIJ1ME1.tex\" target=\"_blank\" rel=\"noopener\">Source LaTeX de la correction de 25NSIJ1ME1<\/a><\/p>\n<p><a href=\"https:\/\/aeif.fr\/wp-content\/uploads\/2025\/07\/Metropole_2025_2.pdf\" class=\"mtli_attachment mtli_pdf\" target=\"_blank\" rel=\"noopener\">M\u00e9tropole 2025 &#8211; sujet 2<\/a>\u00a0\u00a0\u00a0\u00a0\u00a0<a href=\"https:\/\/aeif.fr\/wp-content\/uploads\/2025\/07\/25NSIJ2ME1.pdf\" class=\"mtli_attachment mtli_pdf\" target=\"_blank\" rel=\"noopener\">Correction de 25NSIJ2ME1<\/a>\u00a0\u00a0\u00a0\u00a0\u00a0<a href=\"https:\/\/aeif.fr\/wp-content\/uploads\/2025\/07\/25NSIJ2ME1.tex\" target=\"_blank\" rel=\"noopener\">Source LaTeX de la correction de 25NSIJ2ME1<\/a><\/p>\n<p><a href=\"https:\/\/aeif.fr\/wp-content\/uploads\/2025\/07\/Metropole.zip\" target=\"_blank\" rel=\"attachment noopener wp-att-663\">M\u00e9tropole 2025 &#8211; sources LaTeX des deux sujets de juin<\/a><\/p>\n<p><a href=\"https:\/\/aeif.fr\/wp-content\/uploads\/2025\/09\/Metropole_septembre_2025_sujet_1.pdf\" class=\"mtli_attachment mtli_pdf\" target=\"_blank\" rel=\"noopener\">M\u00e9tropole septembre 2025 &#8211; sujet 1<\/a>\u00a0\u00a0\u00a0\u00a0\u00a0<a href=\"https:\/\/aeif.fr\/wp-content\/uploads\/2025\/09\/metropole_sept2025_J1.zip\" target=\"_blank\" rel=\"noopener\">Source LaTeX du sujet septembre 2025 &#8211; sujet 1<\/a><\/p>\n<p><a href=\"https:\/\/aeif.fr\/wp-content\/uploads\/2025\/09\/Metropole_septembre_2025_sujet_2.pdf\" class=\"mtli_attachment mtli_pdf\" target=\"_blank\" rel=\"noopener\">M\u00e9tropole septembre 2025 &#8211; sujet 2<\/a>\u00a0\u00a0\u00a0\u00a0\u00a0<a href=\"https:\/\/aeif.fr\/wp-content\/uploads\/2025\/09\/metropole_sept2025_J2.zip\" target=\"_blank\" rel=\"noopener\">Source LaTeX du sujet septembre 2025 &#8211; sujet 2<\/a><\/p>\n<p>&nbsp;<\/p>\n<h2>Polyn\u00e9sie<\/h2>\n<p><a href=\"https:\/\/aeif.fr\/wp-content\/uploads\/2025\/07\/Polynesie_2025_1.pdf\" class=\"mtli_attachment mtli_pdf\" target=\"_blank\" rel=\"attachment noopener wp-att-667\">Polyn\u00e9sie 2025 &#8211; sujet 1<\/a>\u00a0\u00a0\u00a0\u00a0\u00a0<a href=\"https:\/\/aeif.fr\/wp-content\/uploads\/2025\/07\/25NSIJ1PO1.pdf\" class=\"mtli_attachment mtli_pdf\" target=\"_blank\" rel=\"noopener\">Correction de 25NSIJ1PO1<\/a>\u00a0\u00a0\u00a0\u00a0\u00a0<a href=\"https:\/\/aeif.fr\/wp-content\/uploads\/2025\/07\/25NSIJ1PO1.tex\" target=\"_blank\" rel=\"noopener\">Source LaTeX de la correction de 25NSIJ1PO1<\/a><\/p>\n<p><a href=\"https:\/\/aeif.fr\/wp-content\/uploads\/2025\/11\/Polynesie_juin_2025_sujet_2.pdf\" class=\"mtli_attachment mtli_pdf\" target=\"_blank\" rel=\"noopener\">Polyn\u00e9sie 2025 &#8211; sujet 2<\/a>\u00a0\u00a0\u00a0\u00a0\u00a0<a href=\"https:\/\/aeif.fr\/wp-content\/uploads\/2025\/07\/25NSIJ2PO1.pdf\" class=\"mtli_attachment mtli_pdf\" target=\"_blank\" rel=\"noopener\">Correction de 25NSIJ2PO1<\/a>\u00a0\u00a0\u00a0\u00a0\u00a0<a href=\"https:\/\/aeif.fr\/wp-content\/uploads\/2025\/07\/25NSIJ2PO1.tex\" target=\"_blank\" rel=\"noopener\">Source LaTeX de la correction de 25NSIJ2PO1<\/a><\/p>\n<p><a href=\"https:\/\/aeif.fr\/wp-content\/uploads\/2025\/11\/polynesie_2025.zip\" target=\"_blank\" rel=\"noopener\">Polyn\u00e9sie 2025 &#8211; sources LaTeX des deux sujets<\/a><\/p>\n<p>&nbsp;<\/p>\n<h2>Am\u00e9rique du Sud<\/h2>\n<h3>Jour 1<\/h3>\n<p><a href=\"https:\/\/aeif.fr\/wp-content\/uploads\/2025\/12\/Amerique_Sud_novembre_2025_sujet_1.pdf\" class=\"mtli_attachment mtli_pdf\" target=\"_blank\" rel=\"noopener\">Am\u00e9rique du Sud novembre 2025 &#8211; sujet 1<\/a> (Pascal REMY)\u00a0 \u00a0 <a href=\"https:\/\/aeif.fr\/wp-content\/uploads\/2025\/12\/Sources_Amerique_Sud_novembre_2025_sujet_1.zip\" target=\"_blank\" rel=\"noopener\">Am\u00e9rique du sud novembre 2025 &#8211; Source LaTex du sujet 1<\/a> (Pascal REMY)<\/p>\n<p><a href=\"https:\/\/aeif.fr\/wp-content\/uploads\/2026\/01\/Amerique_Sud_novembre_2025_sujet_1_corrige.pdf\" class=\"mtli_attachment mtli_pdf\" target=\"_blank\" rel=\"noopener\">Am\u00e9rique du Sud novembre 2025 &#8211; sujet 1 &#8211; corrig\u00e9<\/a> (Pascal REMY)\u00a0 \u00a0 <a href=\"https:\/\/aeif.fr\/wp-content\/uploads\/2026\/01\/cor_amerique_sud_nov_25_j1.zip\" target=\"_blank\" rel=\"noopener\">Sources LaTeX de la correction du sujet de Am\u00e9rique du Sud novembre 2025 &#8211; Jour 1<\/a> (Pascal REMY)<\/p>\n<p><a href=\"https:\/\/aeif.fr\/wp-content\/uploads\/2025\/12\/25nsij1as1_v2.pdf\" class=\"mtli_attachment mtli_pdf\" target=\"_blank\" rel=\"noopener\">Correction Am\u00e9rique du Sud novembre 2025 &#8211; Jour 1 (25NSIJ1AS1)<\/a> (Ronan CHARPENTIER)\u00a0 \u00a0 <a href=\"https:\/\/aeif.fr\/wp-content\/uploads\/2025\/12\/25nsij1as1_v2.tex\" target=\"_blank\" rel=\"noopener\">Source LaTeX de la correction de 25NSIJ1AS1<\/a> (Ronan CHARPENTIER)<\/p>\n<h3>Jour 2<\/h3>\n<p><a href=\"https:\/\/aeif.fr\/wp-content\/uploads\/2025\/12\/Amerique_Sud_novembre_2025_sujet_2.pdf\" class=\"mtli_attachment mtli_pdf\" target=\"_blank\" rel=\"noopener\">Am\u00e9rique du Sud novembre 2025 &#8211; sujet 2<\/a> (Pascal REMY)\u00a0 \u00a0 <a href=\"https:\/\/aeif.fr\/wp-content\/uploads\/2025\/12\/Sources_Amerique_Sud_novembre_2025_sujet_2.zip\" target=\"_blank\" rel=\"noopener\">Am\u00e9rique du sud novembre 2025 &#8211; Source LaTex du sujet 2<\/a> (Pascal REMY)<\/p>\n<p><a href=\"https:\/\/aeif.fr\/wp-content\/uploads\/2026\/01\/Amerique_Sud_novembre_2025_sujet_2_corrige.pdf\" class=\"mtli_attachment mtli_pdf\" target=\"_blank\" rel=\"noopener\">Am\u00e9rique du Sud novembre 2025 &#8211; sujet_2 &#8211; corrig\u00e9<\/a> (Pascal REMY)\u00a0 \u00a0 <a href=\"https:\/\/aeif.fr\/wp-content\/uploads\/2026\/01\/cor_amerique_sud_nov_25_j2.zip\" target=\"_blank\" rel=\"noopener\">Sources LaTeX de la correction du sujet Am\u00e9rique du Sud novembre 2025 &#8211; jour 2<\/a> (Pascal REMY)<\/p>\n<p><a href=\"https:\/\/aeif.fr\/wp-content\/uploads\/2025\/12\/25nsij2as1.pdf\" class=\"mtli_attachment mtli_pdf\" target=\"_blank\" rel=\"noopener\">Correction Am\u00e9rique du Sud novembre 2025 &#8211; Jour 2 (25NSIJ2JAS1)<\/a> (Ronan CHARPENTIER)\u00a0\u00a0\u00a0\u00a0\u00a0<a href=\"https:\/\/aeif.fr\/wp-content\/uploads\/2025\/12\/cor_25nsij2as1.zip\" target=\"_blank\" rel=\"noopener\">Sources LaTeX de la correction de 25NSIJ2AS1<\/a> (Ronan CHARPENTIER)<\/p>\n<p>&nbsp;<\/p>\n<h2>Nouvelle-Cal\u00e9donie<\/h2>\n<h3>Jour 1<\/h3>\n<p><a href=\"https:\/\/aeif.fr\/wp-content\/uploads\/2026\/01\/Nouvelle_Caledonie_novembre_2025_sujet_1.pdf\" class=\"mtli_attachment mtli_pdf\" target=\"_blank\" rel=\"noopener\">Nouvelle-Cal\u00e9donie novembre 2025 &#8211; sujet 1<\/a> (Pascal REMY)\u00a0 \u00a0 <a href=\"https:\/\/aeif.fr\/wp-content\/uploads\/2026\/01\/nc_nov_2025_j1.zip\" target=\"_blank\" rel=\"noopener\">Source LaTeX du sujet Nouvelle-Cal\u00e9donie novembre 2025 &#8211; sujet 1<\/a> (Pascal REMY)<\/p>\n<h3>Jour 2<\/h3>\n<p><a href=\"https:\/\/aeif.fr\/wp-content\/uploads\/2026\/01\/Nouvelle_Caledonie_novembre_2025_sujet_2.pdf\" class=\"mtli_attachment mtli_pdf\" target=\"_blank\" rel=\"noopener\">Nouvelle-Cal\u00e9donie novembre 2025 &#8211; sujet 2<\/a> (Pascal REMY)\u00a0 \u00a0<a href=\"https:\/\/aeif.fr\/wp-content\/uploads\/2026\/01\/nc_nov_2025_j2.zip\" target=\"_blank\" rel=\"noopener\">Source LaTeX du sujet Nouvelle-Cal\u00e9donie novembre 2025 &#8211; sujet 2<\/a> (Pascal REMY)<\/p>\n<p>&nbsp;<\/p>\n<p>&nbsp;<\/p>\n<p><strong><em>Cr\u00e9dits pour les sujets : Pascal REMY<\/em><\/strong><\/p>\n<p><strong><em>Cr\u00e9dits pour les corrections :\u00a0 Ronan CHARPENTIER<\/em><\/strong><\/p>\n<p>Tous les documents mis en t\u00e9l\u00e9chargement sur cette page sont sous licence <a href=\"https:\/\/creativecommons.org\/licenses\/by-sa\/4.0\/\">CC BY-SA 4.0<\/a><img decoding=\"async\" style=\"max-width: 1em; max-height: 1em; margin-left: .2em;\" src=\"https:\/\/mirrors.creativecommons.org\/presskit\/icons\/cc.svg\" alt=\"\" \/><img decoding=\"async\" style=\"max-width: 1em; max-height: 1em; margin-left: .2em;\" src=\"https:\/\/mirrors.creativecommons.org\/presskit\/icons\/by.svg\" alt=\"\" \/><img decoding=\"async\" style=\"max-width: 1em; max-height: 1em; margin-left: .2em;\" src=\"https:\/\/mirrors.creativecommons.org\/presskit\/icons\/sa.svg\" alt=\"\" \/><\/p>\n<p>&nbsp;<\/p>\n<p>&nbsp;<\/p>\n<div style=\"background-color: lightblue; border: 2px solid darkblue; padding: 20px; color: black; display: inline-block;\">\n<p>&nbsp;<\/p>\n<h4>Documents en t\u00e9l\u00e9chargements pour la d\u00e9claration des photocopies et projections<\/h4>\n<p>Le nom d&rsquo;auteur \u00e0 renseigner est : \u00ab\u00a0AEIF\u00a0\u00bb<\/p>\n<p><a href=\"https:\/\/aeif.fr\/wp-content\/uploads\/2025\/07\/Enseignants-comment-rediffuser-extraits-oeuvres.pdf\" class=\"mtli_attachment mtli_pdf\" target=\"_blank\" rel=\"noopener\">Comment rediffuser des extraits de textes ou des images<\/a><\/p>\n<h5>Dans le secondaire<\/h5>\n<p><a href=\"https:\/\/aeif.fr\/wp-content\/uploads\/2025\/07\/Notice-decla-enseignants-secondaire.pdf\" class=\"mtli_attachment mtli_pdf\" target=\"_blank\" rel=\"noopener\">Notice pour les enseignants du secondaire<\/a><br \/>\n<a href=\"https:\/\/aeif.fr\/wp-content\/uploads\/2025\/07\/Tableau-declaration-secondaire.pdf\" class=\"mtli_attachment mtli_pdf\" target=\"_blank\" rel=\"noopener\">Tableau pour la d\u00e9claration dans le secondaire<\/a><br \/>\n<a href=\"https:\/\/aeif.fr\/wp-content\/uploads\/2025\/07\/Tableau-declaration-secondaire.xls\" target=\"_blank\" rel=\"noopener\">Tableau pour la d\u00e9claration dans le secondaire (xls)<\/a><\/p>\n<h5>\u00c0 l&rsquo;universit\u00e9<\/h5>\n<p><a href=\"https:\/\/aeif.fr\/wp-content\/uploads\/2025\/07\/Plaquette-decla-sup-univ.pdf\" class=\"mtli_attachment mtli_pdf\" target=\"_blank\" rel=\"noopener\">Plaquette pour le sup\u00e9rieur \u00e0 l&rsquo;universit\u00e9<\/a><br \/>\n<a href=\"https:\/\/aeif.fr\/wp-content\/uploads\/2025\/07\/Tableau-declaration-sup-univ.pdf\" class=\"mtli_attachment mtli_pdf\" target=\"_blank\" rel=\"noopener\">Tableau pour la d\u00e9claration dans le sup\u00e9rieur \u00e0 l&rsquo;universit\u00e9<\/a><br \/>\n<a href=\"https:\/\/aeif.fr\/wp-content\/uploads\/2025\/07\/Tableau-declaration-sup-univ.xls\" target=\"_blank\" rel=\"noopener\">Tableau pour la d\u00e9claration dans le sup\u00e9rieur \u00e0 l&rsquo;universit\u00e9 (xls)<\/a><\/p>\n<h5>Dans le sup\u00e9rieur hors universit\u00e9<\/h5>\n<p><a href=\"https:\/\/aeif.fr\/wp-content\/uploads\/2025\/07\/Plaquette-decla-sup-hors-univ.pdf\" class=\"mtli_attachment mtli_pdf\" target=\"_blank\" rel=\"noopener\">Plaquette pour le sup\u00e9rieur hors universit\u00e9<\/a><br \/>\n<a href=\"https:\/\/aeif.fr\/wp-content\/uploads\/2025\/07\/Tableau-declaration-sup-hors-univ.pdf\" class=\"mtli_attachment mtli_pdf\" target=\"_blank\" rel=\"noopener\">Tableau pour la d\u00e9claration dans le sup\u00e9rieur hors universit\u00e9<\/a><br \/>\n<a href=\"https:\/\/aeif.fr\/wp-content\/uploads\/2025\/07\/Tableau-declaration-sup-hors-univ.xls\" target=\"_blank\" rel=\"noopener\">Tableau pour la d\u00e9claration dans le sup\u00e9rieur hors universit\u00e9 (xls)<\/a><\/p>\n<h5>Pour les formateurs<\/h5>\n<p><a href=\"https:\/\/aeif.fr\/wp-content\/uploads\/2025\/07\/Notice-declaration-formateurs.pdf\" class=\"mtli_attachment mtli_pdf\" target=\"_blank\" rel=\"noopener\">Plaquette pour les formateurs<\/a><br \/>\n<a href=\"https:\/\/aeif.fr\/wp-content\/uploads\/2025\/07\/Tableau-declaration-formation.pdf\" class=\"mtli_attachment mtli_pdf\" target=\"_blank\" rel=\"noopener\">Tableau pour la d\u00e9claration pour les formateurs<\/a><br \/>\n<a href=\"https:\/\/aeif.fr\/wp-content\/uploads\/2025\/07\/Tableau-declaration-formation.xls\" target=\"_blank\" rel=\"noopener\">Tableau pour la d\u00e9claration pour les formateurs (xls)<\/a><\/p>\n<p>&nbsp;<\/p>\n<p>&nbsp;<\/p>\n<\/div>\n<p>&nbsp;<\/p>\n","protected":false},"excerpt":{"rendered":"<p>Annales 2025 L\u2019AEIF peut b\u00e9n\u00e9ficier du droit de copie et de projection. Aucun probl\u00e8me pour photocopier et projeter des documents AEIF dans vos classes. Si votre \u00e9tablissement fait partie du panel de d\u00e9claration des droits de copie et de projection,&#8230;<\/p>\n","protected":false},"author":5,"featured_media":440,"parent":0,"menu_order":0,"comment_status":"closed","ping_status":"closed","template":"","meta":{"footnotes":""},"class_list":["post-638","page","type-page","status-publish","has-post-thumbnail","hentry"],"_links":{"self":[{"href":"https:\/\/aeif.fr\/index.php\/wp-json\/wp\/v2\/pages\/638","targetHints":{"allow":["GET"]}}],"collection":[{"href":"https:\/\/aeif.fr\/index.php\/wp-json\/wp\/v2\/pages"}],"about":[{"href":"https:\/\/aeif.fr\/index.php\/wp-json\/wp\/v2\/types\/page"}],"author":[{"embeddable":true,"href":"https:\/\/aeif.fr\/index.php\/wp-json\/wp\/v2\/users\/5"}],"replies":[{"embeddable":true,"href":"https:\/\/aeif.fr\/index.php\/wp-json\/wp\/v2\/comments?post=638"}],"version-history":[{"count":61,"href":"https:\/\/aeif.fr\/index.php\/wp-json\/wp\/v2\/pages\/638\/revisions"}],"predecessor-version":[{"id":1207,"href":"https:\/\/aeif.fr\/index.php\/wp-json\/wp\/v2\/pages\/638\/revisions\/1207"}],"wp:featuredmedia":[{"embeddable":true,"href":"https:\/\/aeif.fr\/index.php\/wp-json\/wp\/v2\/media\/440"}],"wp:attachment":[{"href":"https:\/\/aeif.fr\/index.php\/wp-json\/wp\/v2\/media?parent=638"}],"curies":[{"name":"wp","href":"https:\/\/api.w.org\/{rel}","templated":true}]}}