{"id":501,"date":"2024-04-01T08:13:02","date_gmt":"2024-04-01T06:13:02","guid":{"rendered":"https:\/\/aeif.fr\/?page_id=501"},"modified":"2025-10-31T00:05:11","modified_gmt":"2025-10-30T23:05:11","slug":"demande-de-subventions","status":"publish","type":"page","link":"https:\/\/aeif.fr\/index.php\/demande-de-subventions\/","title":{"rendered":"Demande de subventions"},"content":{"rendered":"<p>Vous d\u00e9sirez organiser un projet p\u00e9dagogique dans votre \u00e9tablissement ?<br \/>\nVous pouvez faire une demande de subvention \u00e0 l&rsquo;AEIF. Pour cela, t\u00e9l\u00e9charger le fichier ci-joint.<\/p>\n<p><a href=\"https:\/\/aeif.fr\/wp-content\/uploads\/2025\/10\/Demande_subvention_projet_pedagogique.odt\" target=\"_blank\" rel=\"noopener\">Demande de subvention au format odt<\/a><\/p>\n<p><a href=\"https:\/\/aeif.fr\/wp-content\/uploads\/2024\/04\/Demande_subvention_projet_pedagogique.docx\">Demande de subvention au format docx<\/a><\/p>\n<p><a href=\"https:\/\/aeif.fr\/wp-content\/uploads\/2024\/04\/Demande_subvention_projet_pedagogique.pdf\" class=\"mtli_attachment mtli_pdf\">Demande de subvention au format pdf<\/a><\/p>\n","protected":false},"excerpt":{"rendered":"<p>Vous d\u00e9sirez organiser un projet p\u00e9dagogique dans votre \u00e9tablissement ? Vous pouvez faire une demande de subvention \u00e0 l&rsquo;AEIF. Pour cela, t\u00e9l\u00e9charger le fichier ci-joint. Demande de subvention au format odt Demande de subvention au format docx Demande de subvention&#8230;<\/p>\n","protected":false},"author":1,"featured_media":505,"parent":0,"menu_order":0,"comment_status":"closed","ping_status":"closed","template":"","meta":{"footnotes":""},"class_list":["post-501","page","type-page","status-publish","has-post-thumbnail","hentry"],"_links":{"self":[{"href":"https:\/\/aeif.fr\/index.php\/wp-json\/wp\/v2\/pages\/501","targetHints":{"allow":["GET"]}}],"collection":[{"href":"https:\/\/aeif.fr\/index.php\/wp-json\/wp\/v2\/pages"}],"about":[{"href":"https:\/\/aeif.fr\/index.php\/wp-json\/wp\/v2\/types\/page"}],"author":[{"embeddable":true,"href":"https:\/\/aeif.fr\/index.php\/wp-json\/wp\/v2\/users\/1"}],"replies":[{"embeddable":true,"href":"https:\/\/aeif.fr\/index.php\/wp-json\/wp\/v2\/comments?post=501"}],"version-history":[{"count":5,"href":"https:\/\/aeif.fr\/index.php\/wp-json\/wp\/v2\/pages\/501\/revisions"}],"predecessor-version":[{"id":1129,"href":"https:\/\/aeif.fr\/index.php\/wp-json\/wp\/v2\/pages\/501\/revisions\/1129"}],"wp:featuredmedia":[{"embeddable":true,"href":"https:\/\/aeif.fr\/index.php\/wp-json\/wp\/v2\/media\/505"}],"wp:attachment":[{"href":"https:\/\/aeif.fr\/index.php\/wp-json\/wp\/v2\/media?parent=501"}],"curies":[{"name":"wp","href":"https:\/\/api.w.org\/{rel}","templated":true}]}}