{"id":49,"date":"2019-05-05T12:31:42","date_gmt":"2019-05-05T10:31:42","guid":{"rendered":"https:\/\/aeif.fr\/?page_id=49"},"modified":"2019-05-05T12:39:52","modified_gmt":"2019-05-05T10:39:52","slug":"nous-contacter","status":"publish","type":"page","link":"https:\/\/aeif.fr\/index.php\/nous-contacter\/","title":{"rendered":"Nous contacter"},"content":{"rendered":"\n<p>Contacts<\/p>\n\n\n\n<p><a href=\"mailto:tresorier@aeif.fr\">Contacter le tr\u00e9sorier de l&rsquo;AEIF<\/a><\/p>\n\n\n\n<p><a href=\"mailto:secretaire@aeif.fr\">Contacter le secr\u00e9tariat de l&rsquo;AEIF.<\/a><\/p>\n\n\n\n<p><a href=\"mailto:president@aeif.fr\">Contacter le pr\u00e9sident de l&rsquo;AEIF<\/a><\/p>\n","protected":false},"excerpt":{"rendered":"<p>Contacts Contacter le tr\u00e9sorier de l&rsquo;AEIF Contacter le secr\u00e9tariat de l&rsquo;AEIF. Contacter le pr\u00e9sident de l&rsquo;AEIF<\/p>\n","protected":false},"author":1,"featured_media":440,"parent":0,"menu_order":0,"comment_status":"closed","ping_status":"closed","template":"","meta":{"footnotes":""},"class_list":["post-49","page","type-page","status-publish","has-post-thumbnail","hentry"],"_links":{"self":[{"href":"https:\/\/aeif.fr\/index.php\/wp-json\/wp\/v2\/pages\/49","targetHints":{"allow":["GET"]}}],"collection":[{"href":"https:\/\/aeif.fr\/index.php\/wp-json\/wp\/v2\/pages"}],"about":[{"href":"https:\/\/aeif.fr\/index.php\/wp-json\/wp\/v2\/types\/page"}],"author":[{"embeddable":true,"href":"https:\/\/aeif.fr\/index.php\/wp-json\/wp\/v2\/users\/1"}],"replies":[{"embeddable":true,"href":"https:\/\/aeif.fr\/index.php\/wp-json\/wp\/v2\/comments?post=49"}],"version-history":[{"count":4,"href":"https:\/\/aeif.fr\/index.php\/wp-json\/wp\/v2\/pages\/49\/revisions"}],"predecessor-version":[{"id":55,"href":"https:\/\/aeif.fr\/index.php\/wp-json\/wp\/v2\/pages\/49\/revisions\/55"}],"wp:featuredmedia":[{"embeddable":true,"href":"https:\/\/aeif.fr\/index.php\/wp-json\/wp\/v2\/media\/440"}],"wp:attachment":[{"href":"https:\/\/aeif.fr\/index.php\/wp-json\/wp\/v2\/media?parent=49"}],"curies":[{"name":"wp","href":"https:\/\/api.w.org\/{rel}","templated":true}]}}