{"id":36,"date":"2019-05-04T19:42:24","date_gmt":"2019-05-04T17:42:24","guid":{"rendered":"https:\/\/aeif.fr\/?page_id=36"},"modified":"2019-06-05T23:25:29","modified_gmt":"2019-06-05T21:25:29","slug":"accueil","status":"publish","type":"page","link":"https:\/\/aeif.fr\/index.php\/accueil\/","title":{"rendered":"Accueil"},"content":{"rendered":"\n<p>Ch\u00e8res et chers coll\u00e8gues,<\/p>\n\n\n\n<p>L\u2019introduction imminente de l\u2019enseignement de l\u2019informatique au\nlyc\u00e9e soul\u00e8ve chez les enseignants de nombreuses questions concernant la\nformation et la mise en place de cette nouvelle discipline dans les lyc\u00e9es en\npremi\u00e8re et terminale NSI. <\/p>\n\n\n\n<p>C\u2019est pourquoi&nbsp; la cr\u00e9ation\nd\u2019une association regroupant des\nprofesseurs qui enseignent l&rsquo;informatique au lyc\u00e9e et en CPGE ou qui\nsouhaitent l\u2019enseigner apparait comme une n\u00e9cessit\u00e9. <\/p>\n\n\n\n<p>L\u2019association des enseignantes et enseignants\nen Informatique de France (AEIF) a pour objet&nbsp;:<\/p>\n\n\n\n<ul class=\"wp-block-list\"><li>l\u2019\u00e9tude des questions int\u00e9ressant\n     l\u2019enseignement de l\u2019informatique&nbsp;;<\/li><li>la d\u00e9fense des int\u00e9r\u00eats professionnels de\n     ses adh\u00e9rents&nbsp;;<\/li><li>le d\u00e9veloppement des \u00e9changes entre les\n     personnes et les \u00e9tablissements concernant l\u2019informatique et son\n     enseignement&nbsp;;<\/li><li>l\u2019aide \u00e0 la formation initiale et\n     continue des enseignants en informatique.<\/li><\/ul>\n\n\n\n<p>Elle engage ou soutient toute action qui lui\npara\u00eet propre \u00e0 am\u00e9liorer l&rsquo;enseignement de l\u2019informatique. Elle diffuse \u00e0\nl\u2019intention de ses adh\u00e9rents tout document qu&rsquo;elle juge utile. Elle peut\npublier un bulletin.<\/p>\n\n\n\n<p>Elle prend pour principe de d\u00e9part que\nl\u2019informatique est une discipline \u00e0 part enti\u00e8re.<\/p>\n\n\n\n<p>L&rsquo;id\u00e9e est d&rsquo;\u00eatre&nbsp; une force\nde propositions, de s\u2019occuper de didactique de l&rsquo;enseignement de\nl\u2019informatique, de diffuser des informations et des ressources, de faire\nremonter les pr\u00e9occupations et difficult\u00e9s auxquelles nous allons tous \u00eatre\nin\u00e9vitablement confront\u00e9s d\u00e8s la rentr\u00e9e 2019.<\/p>\n\n\n\n<p>Cette\nassociation a d\u00e9j\u00e0 re\u00e7u le soutien d\u2019associations connues et reconnues comme la\n<a href=\"https:\/\/www.societe-informatique-de-france.fr\/\">SIF<\/a> (Soci\u00e9t\u00e9\nInformatique de France) , l\u2019<a href=\"https:\/\/www.epi.asso.fr\/\">EPI<\/a>\n(Enseignement Public &amp; Informatique) et de l\u2019<a href=\"https:\/\/www.inria.fr\/\">INRIA<\/a> (Institut National de Recherche en Informatique et en\nAutomatique).<br>\nIl est important d\u2019\u00eatre affili\u00e9 \u00e0 ces associations afin de b\u00e9n\u00e9ficier de leur exp\u00e9rience\net de leur expertise.<\/p>\n\n\n\n<p>Vous pouvez adh\u00e9rer \u00e0 cette association et participer activement. <\/p>\n\n\n\n<p>Cordialement,<\/p>\n\n\n\n<p>Charles Poulmaire\u00a0 Pr\u00e9sident de l\u2019AEIF.<\/p>\n\n\n\n<p><a href=\"mailto:president@aeif.fr\">president@aeif.fr<\/a><\/p>\n","protected":false},"excerpt":{"rendered":"<p>Ch\u00e8res et chers coll\u00e8gues, L\u2019introduction imminente de l\u2019enseignement de l\u2019informatique au lyc\u00e9e soul\u00e8ve chez les enseignants de nombreuses questions concernant la formation et la mise en place de cette nouvelle discipline dans les lyc\u00e9es en premi\u00e8re et terminale NSI. C\u2019est&#8230;<\/p>\n","protected":false},"author":1,"featured_media":440,"parent":0,"menu_order":0,"comment_status":"closed","ping_status":"closed","template":"","meta":{"footnotes":""},"class_list":["post-36","page","type-page","status-publish","has-post-thumbnail","hentry"],"_links":{"self":[{"href":"https:\/\/aeif.fr\/index.php\/wp-json\/wp\/v2\/pages\/36","targetHints":{"allow":["GET"]}}],"collection":[{"href":"https:\/\/aeif.fr\/index.php\/wp-json\/wp\/v2\/pages"}],"about":[{"href":"https:\/\/aeif.fr\/index.php\/wp-json\/wp\/v2\/types\/page"}],"author":[{"embeddable":true,"href":"https:\/\/aeif.fr\/index.php\/wp-json\/wp\/v2\/users\/1"}],"replies":[{"embeddable":true,"href":"https:\/\/aeif.fr\/index.php\/wp-json\/wp\/v2\/comments?post=36"}],"version-history":[{"count":2,"href":"https:\/\/aeif.fr\/index.php\/wp-json\/wp\/v2\/pages\/36\/revisions"}],"predecessor-version":[{"id":71,"href":"https:\/\/aeif.fr\/index.php\/wp-json\/wp\/v2\/pages\/36\/revisions\/71"}],"wp:featuredmedia":[{"embeddable":true,"href":"https:\/\/aeif.fr\/index.php\/wp-json\/wp\/v2\/media\/440"}],"wp:attachment":[{"href":"https:\/\/aeif.fr\/index.php\/wp-json\/wp\/v2\/media?parent=36"}],"curies":[{"name":"wp","href":"https:\/\/api.w.org\/{rel}","templated":true}]}}