{"id":2,"date":"2019-05-02T22:02:23","date_gmt":"2019-05-02T20:02:23","guid":{"rendered":"https:\/\/aeif.fr\/?page_id=2"},"modified":"2019-05-04T19:39:17","modified_gmt":"2019-05-04T17:39:17","slug":"page-d-exemple","status":"publish","type":"page","link":"https:\/\/aeif.fr\/index.php\/page-d-exemple\/","title":{"rendered":"Statuts"},"content":{"rendered":"\n<p><strong>ARTICLE PREMIER &#8211; NOM<\/strong><br>\n<br>\nIl est fond\u00e9 entre les adh\u00e9rents aux pr\u00e9sents statuts une association r\u00e9gie par\nla loi du 1<sup>er<\/sup>\njuillet 1901 et\nle d\u00e9cret du 16\nao\u00fbt 1901, ayant\npour titre <strong>: <\/strong>Association des enseignantes et enseignants d\u2019Informatique de France&nbsp; ou AEIF<strong>.<br>\n<br>\n<\/strong><\/p>\n\n\n\n<p><strong>ARTICLE 2\n&#8211; BUT OBJET<\/strong><br>\n<br>\nCette association a pour objet&nbsp;:<\/p>\n\n\n\n<ul class=\"wp-block-list\"><li>l\u2019\u00e9tude des questions\n     int\u00e9ressant l\u2019enseignement de l\u2019informatique&nbsp;;<\/li><li>la d\u00e9fense des int\u00e9r\u00eats professionnels\n     de ses adh\u00e9rents&nbsp;;<\/li><li>le d\u00e9veloppement des\n     \u00e9changes entre les personnes et les \u00e9tablissements concernant l\u2019informatique\n     et son enseignement&nbsp;;<\/li><li>l\u2019aide \u00e0 la formation\n     initiale et continue des enseignants en informatique.<\/li><\/ul>\n\n\n\n<p>Elle engage ou soutient toute action qui lui para\u00eet propre \u00e0 am\u00e9liorer\nl&rsquo;enseignement de l\u2019informatique.<\/p>\n\n\n\n<p>Elle diffuse \u00e0 l\u2019intention de ses adh\u00e9rents tout document qu&rsquo;elle juge\nutile. Elle peut publier un bulletin.<\/p>\n\n\n\n<p><br>\n<strong>ARTICLE 3 &#8211; SI\u00c8GE\nSOCIAL <\/strong><br>\n<br>\nLe si\u00e8ge social est fix\u00e9 au &nbsp;26 all\u00e9e des\nsources 78680 EPONE.<br>\nIl pourra \u00eatre transf\u00e9r\u00e9 par simple d\u00e9cision du bureau.<br>\n<br>\n<strong>ARTICLE 4 &#8211; DUREE <\/strong><\/p>\n\n\n\n<p>La dur\u00e9e de l\u2019association est illimit\u00e9e.<br>\n<br>\n<strong>ARTICLE 5 &#8211; COMPOSITION\n<\/strong><br>\n<br>\nL&rsquo;association se compose de membres adh\u00e9rents et de\nmembres d\u2019honneur.<br>\n<br>\n<br>\n<strong>ARTICLE 6 &#8211; ADMISSION <\/strong><br>\n<br>\n<\/p>\n\n\n\n<p>Peuvent adh\u00e9rer \u00e0 l\u2019Association les membres de l\u2019enseignement public ou priv\u00e9, &nbsp;de l&rsquo;enseignement pr\u00e9-\u00e9l\u00e9mentaire \u00e0 l&rsquo;enseignement sup\u00e9rieur, exer\u00e7ant des activit\u00e9s d&rsquo;enseignement, de recherche, de formation ou d&rsquo;animation concernant l&rsquo;enseignement de l&rsquo;Informatique.<\/p>\n\n\n\n<p>Peuvent adh\u00e9rer \u00e9galement toute personne en cours de formation professionnelle en vue d&rsquo;une de ces activit\u00e9s et toute personne en retraite ayant exerc\u00e9 l&rsquo;une d&rsquo;entre elles.<\/p>\n\n\n\n<p>Les membres adh\u00e9rents paient annuellement une cotisation dont le montant\nest fix\u00e9 par le Comit\u00e9.<\/p>\n\n\n\n<p>Peut devenir membre d\u2019honneur toute personne physique ayant rendu ou\n\u00e9tant susceptible de rendre des services signal\u00e9s \u00e0 l\u2019association et choisie\npour cela par le Comit\u00e9. Les membres d\u2019honneur sont dispens\u00e9s de cotisation.<\/p>\n\n\n\n<p><strong>ARTICLE 7. &#8211; RADIATIONS <\/strong><br>\n<br>\nLa qualit\u00e9 de membre se perd&nbsp; par la d\u00e9mission adress\u00e9e par \u00e9crit au\nSecr\u00e9taire,<\/p>\n\n\n\n<ul class=\"wp-block-list\"><li>de plein droit en cas de\n     d\u00e9c\u00e8s ou de non paiement de la cotisation annuelle apr\u00e8s une relance&nbsp;;<\/li><li>par l\u2019exclusion pour\n     contravention grave aux valeurs ou aux objectifs de l\u2019association, selon\n     une proc\u00e9dure d\u00e9finie au r\u00e8glement int\u00e9rieur.<\/li><\/ul>\n\n\n\n<p>Les membres radi\u00e9s sont sans droit sur les cotisations vers\u00e9es.<\/p>\n\n\n\n<p><strong>ARTICLE 8 &#8211; AFFILIATION<\/strong><em><\/em><\/p>\n\n\n\n<p>L\u2019association peut adh\u00e9rer \u00e0 d\u2019autres associations, unions ou\nregroupements par d\u00e9cision du Comit\u00e9. <\/p>\n\n\n\n<p>Elle s\u2019en retire de m\u00eame, ou en cas d\u2019urgence sur d\u00e9cision du Pr\u00e9sident.<\/p>\n\n\n\n<p><strong>ARTICLE 9 &#8211; RESSOURCES <\/strong><br>\n<br>\nLes ressources de l&rsquo;association comprennent toutes les ressources autoris\u00e9es\npar les lois et r\u00e8glements en vigueur.<br>\n<br>\n<strong>ARTICLE 10 &#8211; ASSEMBLEE GENERALE ORDINAIRE <\/strong><br>\n<br>\nL&rsquo;assembl\u00e9e g\u00e9n\u00e9rale ordinaire comprend tous les membres de l&rsquo;association \u00e0\nquelque titre qu&rsquo;ils soient. Elle se r\u00e9unit au moins une fois par an. <br>\nDouze jours au moins avant la date fix\u00e9e, les membres de l&rsquo;association sont\nconvoqu\u00e9s par les soins du secr\u00e9taire. L&rsquo;ordre du jour figure sur les\nconvocations. <br>\nLe pr\u00e9sident, assist\u00e9 des membres du bureau, pr\u00e9side l&rsquo;assembl\u00e9e et expose la\nsituation morale ou l\u2019activit\u00e9 de l&rsquo;association. <br>\nLe tr\u00e9sorier rend compte de sa gestion et soumet les comptes annuels (bilan,\ncompte de r\u00e9sultat et annexe) \u00e0 l&rsquo;approbation de l&rsquo;assembl\u00e9e. <br>\n<br>\n<\/p>\n\n\n\n<p>Ne peuvent \u00eatre abord\u00e9s que les points inscrits \u00e0 l&rsquo;ordre du\njour. <\/p>\n\n\n\n<p>Un adh\u00e9rent ne pouvant se rendre \u00e0 l\u2019assembl\u00e9e\ng\u00e9n\u00e9rale ordinaire peut donner procuration \u00e0 un autre adh\u00e9rent. Il en informe\nle Secr\u00e9taire selon une proc\u00e9dure d\u00e9finie au r\u00e8glement int\u00e9rieur. Chaque\nadh\u00e9rent ne peut repr\u00e9senter qu\u2019au plus 5 autres adh\u00e9rents.<br>\n<br>\n<em><\/em><\/p>\n\n\n\n<p>Sauf quand les pr\u00e9sents statuts en disposent\nautrement, l\u2019assembl\u00e9e g\u00e9n\u00e9rale prend ses d\u00e9cisions par scrutin non secret et \u00e0\nla majorit\u00e9 absolue des suffrages exprim\u00e9s.<\/p>\n\n\n\n<p>Les d\u00e9cisions des assembl\u00e9es g\u00e9n\u00e9rales s\u2019imposent \u00e0\ntous les membres, y compris absents ou repr\u00e9sent\u00e9s.<br>\n<br>\n<\/p>\n\n\n\n<p><strong>ARTICLE 11 &#8211; ASSEMBLEE GENERALE EXTRAORDINAIRE <\/strong><br>\n<br>\nL\u2019assembl\u00e9e g\u00e9n\u00e9rale extraordinaire est seule\ncomp\u00e9tente pour modifier les statuts.<\/p>\n\n\n\n<p>Elle est convoqu\u00e9e pour d\u00e9lib\u00e9rer sur un projet de r\u00e9vision des statuts\n\u00e9manant du Comit\u00e9 ou de la majorit\u00e9 absolue des membres de l\u2019association.<\/p>\n\n\n\n<p>Les modalit\u00e9s de convocation et de fonctionnement sont les m\u00eames que\npour l\u2019assembl\u00e9e g\u00e9n\u00e9rale ordinaire.<\/p>\n\n\n\n<p><br>\n<strong>ARTICLE 12 \u2013 COMITE <\/strong><\/p>\n\n\n\n<p>L&rsquo;activit\u00e9 de l\u2019association est dirig\u00e9e par un comit\u00e9 de 3membres minimum\net 25 membres maximum.<br>\n<br>\nLe Comit\u00e9 est \u00e9lu par l\u2019Assembl\u00e9e g\u00e9n\u00e9rale \u00e0 bulletins\nsecrets pour deux ans. Les membres sortants sont r\u00e9\u00e9ligibles.<em><\/em><\/p>\n\n\n\n<p><br>\nEn cas de vacances, le comit\u00e9 pourvoit provisoirement au remplacement de ses\nmembres. Il est proc\u00e9d\u00e9 \u00e0 leur remplacement d\u00e9finitif par la plus prochaine\nassembl\u00e9e g\u00e9n\u00e9rale. Les pouvoirs des membres ainsi \u00e9lus prennent fin \u00e0 l&rsquo;expiration\nle mandat des membres remplac\u00e9s. <\/p>\n\n\n\n<p>Le comit\u00e9 se r\u00e9unit au moins une fois par an. <em><\/em><\/p>\n\n\n\n<p><br> Les d\u00e9cisions sont prises \u00e0 la majorit\u00e9 des voix; en cas de partage, la voix du pr\u00e9sident est pr\u00e9pond\u00e9rante. <br><br><\/p>\n\n\n\n<p><br>\n<strong>ARTICLE 13 \u2013 MEMBRES DU BUREAU <\/strong><br>\n<br>\n<\/p>\n\n\n\n<p>Le comit\u00e9 \u00e9lit parmi ses membres un bureau compos\u00e9 de :<br>\n1) Un-e- pr\u00e9sident-e-\n;<br>\n2) Un-e- secr\u00e9taire et, s&rsquo;il y a lieu, un-e- secr\u00e9taire adjoint-e- ;<br>\n3) Un-e- tr\u00e9sorier-e-, et, si besoin est, un-e- tr\u00e9sorier-e- adjoint-e-. <br>\nLes fonctions de pr\u00e9sident et de tr\u00e9sorier ne sont pas cumulables.<em><br>\n<\/em>Les membres du Bureau sont charg\u00e9s de\nl\u2019administration de l\u2019association. Tous pouvoirs leurs sont confi\u00e9s \u00e0 cet\neffet.<\/p>\n\n\n\n<p><strong>ARTICLE 14 \u2013 INDEMNITES<\/strong><\/p>\n\n\n\n<p>Toutes les fonctions, y compris celles des\nmembres du bureau, sont gratuites et b\u00e9n\u00e9voles. Seuls les frais occasionn\u00e9s par\nl\u2019accomplissement de leur mandat sont rembours\u00e9s sur justificatifs. Le rapport\nfinancier pr\u00e9sent\u00e9 \u00e0 l\u2019assembl\u00e9e g\u00e9n\u00e9rale ordinaire pr\u00e9sente, par b\u00e9n\u00e9ficiaire,\nles remboursements de frais de mission, de d\u00e9placement ou de repr\u00e9sentation.<\/p>\n\n\n\n<p><strong>ARTICLE 15 &#8211; REGLEMENT INTERIEUR <\/strong><br>\n<br>\nUn r\u00e8glement int\u00e9rieur est \u00e9tabli par le comit\u00e9, qui le fait alors approuver\npar l&rsquo;assembl\u00e9e g\u00e9n\u00e9rale. <br>\n<br>\nCe r\u00e8glement \u00e9ventuel est destin\u00e9 \u00e0 fixer les divers points non pr\u00e9vus par les pr\u00e9sents\nstatuts, notamment ceux qui ont trait \u00e0 l&rsquo;administration interne de\nl&rsquo;association. <br>\n<br>\n<strong>ARTICLE &nbsp;16- DISSOLUTION <\/strong><br>\n<br>\nEn cas de dissolution prononc\u00e9e selon les modalit\u00e9s pr\u00e9vues \u00e0 l\u2019article 11, un\nou plusieurs liquidateurs sont nomm\u00e9s, et l&rsquo;actif net, s&rsquo;il y a lieu, est\nd\u00e9volu \u00e0 un organisme ayant un but non lucratif (ou\n\u00e0 une association ayant des buts similaires)<em> <\/em>conform\u00e9ment aux d\u00e9cisions de l\u2019assembl\u00e9e g\u00e9n\u00e9rale\nextraordinaire qui statue sur la dissolution. L\u2019actif net ne peut \u00eatre d\u00e9volu \u00e0\nun membre de l\u2019association, m\u00eame partiellement.<\/p>\n\n\n\n<p><strong>Article \u2013 18 LIBERALITES&nbsp;:<\/strong><\/p>\n\n\n\n<p>Le rapport et les comptes annuels, tels\nque d\u00e9finis \u00e0 l\u2019article 10 sont adress\u00e9s chaque ann\u00e9e au Pr\u00e9fet du d\u00e9partement.<\/p>\n\n\n\n<p>L\u2019association s\u2019engage \u00e0 pr\u00e9senter ses registres et pi\u00e8ces\nde comptabilit\u00e9 sur toute r\u00e9quisition des autorit\u00e9s administratives en ce qui\nconcerne l\u2019emploi des lib\u00e9ralit\u00e9s qu\u2019elle serait autoris\u00e9e \u00e0 recevoir.<\/p>\n","protected":false},"excerpt":{"rendered":"<p>ARTICLE PREMIER &#8211; NOM Il est fond\u00e9 entre les adh\u00e9rents aux pr\u00e9sents statuts une association r\u00e9gie par la loi du 1er juillet 1901 et le d\u00e9cret du 16 ao\u00fbt 1901, ayant pour titre : Association des enseignantes et enseignants d\u2019Informatique&#8230;<\/p>\n","protected":false},"author":1,"featured_media":440,"parent":0,"menu_order":0,"comment_status":"closed","ping_status":"open","template":"","meta":{"footnotes":""},"class_list":["post-2","page","type-page","status-publish","has-post-thumbnail","hentry"],"_links":{"self":[{"href":"https:\/\/aeif.fr\/index.php\/wp-json\/wp\/v2\/pages\/2","targetHints":{"allow":["GET"]}}],"collection":[{"href":"https:\/\/aeif.fr\/index.php\/wp-json\/wp\/v2\/pages"}],"about":[{"href":"https:\/\/aeif.fr\/index.php\/wp-json\/wp\/v2\/types\/page"}],"author":[{"embeddable":true,"href":"https:\/\/aeif.fr\/index.php\/wp-json\/wp\/v2\/users\/1"}],"replies":[{"embeddable":true,"href":"https:\/\/aeif.fr\/index.php\/wp-json\/wp\/v2\/comments?post=2"}],"version-history":[{"count":2,"href":"https:\/\/aeif.fr\/index.php\/wp-json\/wp\/v2\/pages\/2\/revisions"}],"predecessor-version":[{"id":34,"href":"https:\/\/aeif.fr\/index.php\/wp-json\/wp\/v2\/pages\/2\/revisions\/34"}],"wp:featuredmedia":[{"embeddable":true,"href":"https:\/\/aeif.fr\/index.php\/wp-json\/wp\/v2\/media\/440"}],"wp:attachment":[{"href":"https:\/\/aeif.fr\/index.php\/wp-json\/wp\/v2\/media?parent=2"}],"curies":[{"name":"wp","href":"https:\/\/api.w.org\/{rel}","templated":true}]}}